{"id":1801,"date":"2018-09-01T10:46:16","date_gmt":"2018-09-01T03:46:16","guid":{"rendered":"http:\/\/viamlab.com\/?page_id=1801"},"modified":"2018-09-18T08:55:39","modified_gmt":"2018-09-18T01:55:39","slug":"usv","status":"publish","type":"page","link":"http:\/\/viamlab.com\/vi\/usv\/","title":{"rendered":"USV"},"content":{"rendered":"<p>\t\t\t\t<a href=\"http:\/\/viamlab.com\/vi\/tieng-viet-usv-1000\/\" target=\"_self\" itemprop=\"url\"><br \/>\n\t\t\t\t<img decoding=\"async\" src=\"http:\/\/viamlab.com\/wp-content\/uploads\/2018\/08\/image001.png\" alt=\"\" itemprop=\"image\"  \/><br \/>\n\t\t\t\t<\/a><\/p>\n<h3><a href=\"http:\/\/viamlab.com\/vi\/tieng-viet-usv-1000\/\" target=\"_self\">USV 1000<\/a><\/h3>\n<p style=\"text-align: center;\"><strong>USV 1000<\/strong><\/p>\n<p>L\u00e0 phi\u00ean b\u1ea3n g\u1ecdn nh\u1eb9 c\u00f3 th\u1ec3 d\u1ec5 d\u00e0ng \u0111\u01b0\u1ee3c v\u1eadn chuy\u1ec3n b\u1eb1ng hai ng\u01b0\u1eddi. C\u00f3 kh\u1ea3 n\u0103ng t\u1ef1 h\u00e0nh cao, c\u00f3 th\u1ec3 t\u1ef1 di chuy\u1ec3n \u0111\u1ebfn c\u00e1c \u0111i\u1ec3m waypoint do ng\u01b0\u1eddi d\u00f9ng cung c\u1ea5p v\u00e0 gi\u00e1m s\u00e1t t\u1eeb xa tr\u00ean m\u00e1y t\u00ednh. C\u00f3 kh\u1ea3 n\u0103ng ch\u1edf th\u00eam t\u1ea3i 6kg cho c\u00e1c c\u1ea3m bi\u1ebfn t\u00edch h\u1ee3p th\u00eam \u0111\u1ec3 th\u1ef1c hi\u1ec7n nh\u1eefng nhi\u1ec7m v\u1ee5 kh\u00e1c nhau..<a style=\"color: blue;\" href=\"http:\/\/viamlab.com\/vi\/tieng-viet-usv-1000\/\">Chi ti\u1ebft &gt;&gt;<\/a><\/p>\n<p>&nbsp;<\/p>\n<p>&nbsp;<\/p>\n<p>\t\t\t\t<a href=\"http:\/\/viamlab.com\/vi\/tieng-viet-usv-1000\/\" target=\"_self\" itemprop=\"url\"><br \/>\n\t\t\t\t<img decoding=\"async\" src=\"http:\/\/viamlab.com\/wp-content\/uploads\/2018\/08\/image001.png\" alt=\"\" itemprop=\"image\"  \/><br \/>\n\t\t\t\t<\/a><\/p>\n<h3><a href=\"http:\/\/viamlab.com\/vi\/tieng-viet-usv-1000\/\" target=\"_self\">USV 1000<\/a><\/h3>\n<p style=\"text-align: center;\"><strong>USV 1000<\/strong><\/p>\n<p>USV1000 is a lightweight version that can easily be transported by two people. It is capable of self-propelled high, could move to the waypoint points provided by the user and remote monitoring on the computer. USV1000 can carry more payload 6 kg for more integrated sensors to perform different tasks.\u00a0<a style=\"color: blue;\" href=\"http:\/\/viamlab.com\/en\/tieng-viet-usv-1000\/\">Detail &gt;&gt;<\/a><\/p>\n<p>&nbsp;<\/p>\n<p>&nbsp;<\/p>\n<p>\t\t\t\t<a href=\"http:\/\/viamlab.com\/vi\/tieng-viet-usv-1500\/\" target=\"_self\" itemprop=\"url\"><br \/>\n\t\t\t\t<img decoding=\"async\" src=\"http:\/\/viamlab.com\/wp-content\/uploads\/2018\/08\/image002.jpg\" alt=\"\" itemprop=\"image\"  \/><br \/>\n\t\t\t\t<\/a><\/p>\n<h3><a href=\"http:\/\/viamlab.com\/vi\/tieng-viet-usv-1500\/\" target=\"_self\">USV 1500<\/a><\/h3>\n<p style=\"text-align: center;\"><strong>USV 1500<\/strong><\/p>\n<p style=\"text-align: left;\">L\u00e0 phi\u00ean b\u1ea3n n\u00e2ng c\u1ea5p c\u1ee7a USV 1000, c\u00f3 kh\u1ea3 n\u0103ng ch\u1edf t\u1ea3i nhi\u1ec1u h\u01a1n v\u00e0 th\u1ef1c hi\u1ec7n m\u1ed9t s\u1ed1 t\u00ednh n\u0103ng n\u00e2ng cao kh\u00e1c nh\u01b0 gi\u1eef v\u1ecb tr\u00ed, tr\u00e1nh v\u1eadt c\u1ea3n,\u2026<a style=\"color: blue;\" href=\"http:\/\/viamlab.com\/vi\/tieng-viet-usv-1500\/\">Chi ti\u1ebft&gt;&gt;<\/a><\/p>\n<p>&nbsp;<\/p>\n<p>&nbsp;<\/p>\n<p>&nbsp;<\/p>\n<p>&nbsp;<\/p>\n<p>&nbsp;<\/p>\n<p>&nbsp;<\/p>\n<p>\t\t\t\t<a href=\"http:\/\/viamlab.com\/vi\/tieng-viet-usv-1500\/\" target=\"_self\" itemprop=\"url\"><br \/>\n\t\t\t\t<img decoding=\"async\" src=\"http:\/\/viamlab.com\/wp-content\/uploads\/2018\/08\/image002.jpg\" alt=\"\" itemprop=\"image\"  \/><br \/>\n\t\t\t\t<\/a><\/p>\n<h3><a href=\"http:\/\/viamlab.com\/vi\/tieng-viet-usv-1500\/\" target=\"_self\">USV 1500<\/a><\/h3>\n<p style=\"text-align: center;\"><strong>USV 1500<\/strong><\/p>\n<p>The USV1500 is an upgraded version of the USV1000, capable of carrying more payloads and performing some other advanced features such as dynamic positioning, avoiding obstructions, etc&#8230;.<a style=\"color: blue;\" href=\"http:\/\/viamlab.com\/en\/tieng-viet-usv-1500\/\">Detail&gt;&gt;<\/a><\/p>\n<p>&nbsp;<\/p>\n<p>&nbsp;<\/p>\n<p>&nbsp;<\/p>\n<p>&nbsp;<\/p>\n<p>&nbsp;<\/p>\n<p>&nbsp;<\/p>\n<p>\t\t\t\t<a href=\"http:\/\/viamlab.com\/vi\/tieng-viet-usv-2000\/\" target=\"_self\" itemprop=\"url\"><br \/>\n\t\t\t\t<img decoding=\"async\" src=\"http:\/\/viamlab.com\/wp-content\/uploads\/2018\/09\/image007.png\" alt=\"\" itemprop=\"image\"  \/><br \/>\n\t\t\t\t<\/a><\/p>\n<h3><a href=\"http:\/\/viamlab.com\/vi\/tieng-viet-usv-2000\/\" target=\"_self\">USV 2000<\/a><\/h3>\n<p style=\"text-align: center;\"><strong>USV 2000<\/strong><\/p>\n<p>\u00a0\u00a0\u00a0 Ph\u00e1t tri\u1ec3n tr\u00ean n\u1ec1n t\u1ea3ng c\u1ee7a USV1500, USV2000 l\u00e0 phi\u00ean b\u1ea3n \u0111ang \u0111\u01b0\u1ee3c ph\u00e1t tri\u1ec3n nh\u1eb1m m\u1ee5c \u0111\u00edch t\u1ea1o ra h\u1ec7 th\u1ed1ng t\u00edch h\u1ee3p t\u1ef1 \u0111\u1ed9ng v\u1edbi ROV, AUV v\u00e0 UAV cho c\u00e1c \u1ee9ng d\u1ee5ng n\u00e2ng cao kh\u00e1c nhau. Nh\u1eb1m ph\u00e1t tri\u1ec3n \u01b0u th\u1ebf t\u1ed1i \u0111a c\u1ee7a USV nh\u01b0 m\u1ed9t tr\u1ea1m trung t\u00e2m di \u0111\u1ed9ng c\u1ee7a c\u00e1c ph\u01b0\u01a1ng ti\u1ec7n t\u1ef1 h\u00e0nh tr\u00ean kh\u00f4ng v\u00e0 d\u01b0\u1edbi n\u01b0\u1edbc cho m\u1ed9t gi\u1ea3i ph\u00e1p ho\u00e0n thi\u1ec7n, gi\u1ea3i quy\u1ebft c\u00e1c v\u1ea5n \u0111\u1ec1 t\u00f9y ch\u1ec9nh do ng\u01b0\u1eddi v\u1eadn h\u00e0nh \u0111\u1ec1 ra. <a style=\"color: blue;\" href=\"http:\/\/viamlab.com\/vi\/tieng-viet-usv-2000\/\">Chi ti\u1ebft &gt;&gt;<\/a><\/p>\n<p>\t\t\t\t<a href=\"http:\/\/viamlab.com\/vi\/tieng-viet-usv-2000\/\" target=\"_self\" itemprop=\"url\"><br \/>\n\t\t\t\t<img decoding=\"async\" src=\"http:\/\/viamlab.com\/wp-content\/uploads\/2018\/09\/image007.png\" alt=\"\" itemprop=\"image\"  \/><br \/>\n\t\t\t\t<\/a><\/p>\n<h3><a href=\"http:\/\/viamlab.com\/vi\/tieng-viet-usv-2000\/\" target=\"_self\">USV 2000<\/a><\/h3>\n<p style=\"text-align: center;\"><strong>USV 2000<\/strong><\/p>\n<p>Developed on the platform of USV1500, USV2000 is the version being developed aims to create an integrated system with automatic ROV, AUV and UAVS for advanced applications. This will develop to the maximum advantage of the USV as a mobile center station of the aerial unmanned vehicles and under water vehicles for a complete solution which solve the customization issues set by the operator<\/p>\n<p><a style=\"color: blue;\" href=\"http:\/\/viamlab.com\/en\/tieng-viet-usv-2000\/\">Detail &gt;&gt;<\/a><\/p>\n<p>\t\t\t\t<a href=\"http:\/\/viamlab.com\/vi\/tieng-viet-kial-udb\/\" target=\"_self\" itemprop=\"url\"><br \/>\n\t\t\t\t<img decoding=\"async\" src=\"http:\/\/viamlab.com\/wp-content\/uploads\/2018\/09\/image011.jpg\" alt=\"\" itemprop=\"image\"  \/><br \/>\n\t\t\t\t<\/a><\/p>\n<h3><a href=\"http:\/\/viamlab.com\/vi\/tieng-viet-kial-udb\/\" target=\"_self\">KIAL UDB<\/a><\/h3>\n<p style=\"text-align: center;\"><strong><em><u>KIAL-UDB<br \/>\n<\/u><\/em><\/strong><\/p>\n<p style=\"text-align: center;\"><strong><em><u>(Unmanned Dynamic Buoy)<\/u>: <\/em><\/strong><\/p>\n<p style=\"text-align: center;\">D\u1ef1 \u00e1n ph\u1ed1i h\u1ee3p th\u1ef1c hi\u1ec7n c\u00f9ng KIAL Lab(H\u00e0n Qu\u1ed1c)<a style=\"color: blue;\" href=\"http:\/\/viamlab.com\/vi\/tieng-viet-kial-udb\/\">Chi ti\u1ebft &gt;<\/a><\/p>\n<p>&nbsp;<\/p>\n<p>&nbsp;<\/p>\n<p>&nbsp;<\/p>\n<p>&nbsp;<\/p>\n<p>&nbsp;<\/p>\n<p>&nbsp;<\/p>\n<p>&nbsp;<\/p>\n<p>\t\t\t\t<a href=\"http:\/\/viamlab.com\/vi\/tieng-viet-kial-udb\/\" target=\"_self\" itemprop=\"url\"><br \/>\n\t\t\t\t<img decoding=\"async\" src=\"http:\/\/viamlab.com\/wp-content\/uploads\/2018\/09\/image011.jpg\" alt=\"\" itemprop=\"image\"  \/><br \/>\n\t\t\t\t<\/a><\/p>\n<h3><a href=\"http:\/\/viamlab.com\/vi\/tieng-viet-kial-udb\/\" target=\"_self\">KIAL UDB<\/a><\/h3>\n<p style=\"text-align: center;\"><strong><em><u>KIAL-UDB<br \/>\n<\/u><\/em><\/strong><\/p>\n<p style=\"text-align: center;\"><strong><em><u>(Unmanned Dynamic Buoy)<\/u>: <\/em><\/strong><\/p>\n<p>Collaboration Project with KIAL Lab (Korea). <a style=\"color: blue;\" href=\"http:\/\/viamlab.com\/en\/tieng-viet-kial-udb\/\">Detail&gt;&gt;<\/a><\/p>\n<p>&nbsp;<\/p>\n<p>&nbsp;<\/p>\n<p>&nbsp;<\/p>\n<p>&nbsp;<\/p>\n<p>&nbsp;<\/p>\n<p>&nbsp;<\/p>\n<p>&nbsp;<\/p>\n","protected":false},"excerpt":{"rendered":"<p>USV 1000 USV 1000 L\u00e0 phi\u00ean b\u1ea3n g\u1ecdn nh\u1eb9 c\u00f3 th\u1ec3 d\u1ec5 d\u00e0ng \u0111\u01b0\u1ee3c v\u1eadn chuy\u1ec3n b\u1eb1ng hai ng\u01b0\u1eddi. C\u00f3&#8230;<\/p>\n","protected":false},"author":1,"featured_media":0,"parent":0,"menu_order":0,"comment_status":"closed","ping_status":"closed","template":"","meta":{"footnotes":""},"class_list":["post-1801","page","type-page","status-publish","hentry"],"_links":{"self":[{"href":"http:\/\/viamlab.com\/vi\/wp-json\/wp\/v2\/pages\/1801","targetHints":{"allow":["GET"]}}],"collection":[{"href":"http:\/\/viamlab.com\/vi\/wp-json\/wp\/v2\/pages"}],"about":[{"href":"http:\/\/viamlab.com\/vi\/wp-json\/wp\/v2\/types\/page"}],"author":[{"embeddable":true,"href":"http:\/\/viamlab.com\/vi\/wp-json\/wp\/v2\/users\/1"}],"replies":[{"embeddable":true,"href":"http:\/\/viamlab.com\/vi\/wp-json\/wp\/v2\/comments?post=1801"}],"version-history":[{"count":21,"href":"http:\/\/viamlab.com\/vi\/wp-json\/wp\/v2\/pages\/1801\/revisions"}],"predecessor-version":[{"id":2108,"href":"http:\/\/viamlab.com\/vi\/wp-json\/wp\/v2\/pages\/1801\/revisions\/2108"}],"wp:attachment":[{"href":"http:\/\/viamlab.com\/vi\/wp-json\/wp\/v2\/media?parent=1801"}],"curies":[{"name":"wp","href":"https:\/\/api.w.org\/{rel}","templated":true}]}}