{"id":1821,"date":"2018-09-01T15:27:51","date_gmt":"2018-09-01T08:27:51","guid":{"rendered":"http:\/\/viamlab.com\/?page_id=1821"},"modified":"2020-03-12T23:35:25","modified_gmt":"2020-03-12T16:35:25","slug":"tieng-viet-usv-1500","status":"publish","type":"page","link":"http:\/\/viamlab.com\/vi\/tieng-viet-usv-1500\/","title":{"rendered":"USV 1500"},"content":{"rendered":"<p>USV1500 c\u00f3 kh\u1ea3 n\u0103ng ch\u1edf t\u1ea3i nhi\u1ec1u h\u01a1n, th\u1eddi gian v\u1eadn h\u00e0nh l\u00e2u h\u01a1n USV1000, b\u00ean c\u1ea1nh \u0111\u00f3 kh\u1ea3 n\u0103ng ch\u1ed1ng th\u1ea5m t\u1ed1t n\u00ean USV1500 c\u00f3 th\u1ec3 ho\u1ea1t \u0111\u1ed9ng \u1edf c\u00e1c khu v\u1ef1c c\u00f3 s\u00f3ng l\u1edbn. Ngo\u00e0i ra USV1500 c\u00f3\u201cTSP mode\u201d\u0111\u1ec3 gi\u00fap t\u00ecm \u0111\u01b0\u1eddng \u0111i ng\u1eafn nh\u1ea5t qua c\u00e1c \u0111i\u1ec3m waypoint cho tr\u01b0\u1edbc v\u00e0 c\u00f2n \u0111\u01b0\u1ee3c ph\u00e1t tri\u1ec3nth\u00eam m\u1ed9t s\u1ed1 t\u00ednh n\u0103ng n\u00e2ng cao kh\u00e1c nh\u01b0 gi\u1eef v\u1ecb tr\u00ed, tr\u00e1nh v\u1eadt c\u1ea3n,\u2026<\/p>\n<p>Th\u00f4ng s\u1ed1 k\u1ef9 thu\u1eadt (Specifications).<\/p>\n<p><a href=\"http:\/\/viamlab.com\/wp-content\/uploads\/2018\/09\/usv1500.jpg\"><img loading=\"lazy\" decoding=\"async\" src=\"http:\/\/viamlab.com\/wp-content\/uploads\/2018\/09\/usv1500.jpg\" alt=\"\" width=\"634\" height=\"494\" \/><\/a><\/p>\n<p><a style=\"color: blue;\" href=\"https:\/\/www.youtube.com\/watch?v=tajmAWnKYp4&amp;list=PLc7Bg7xoyBQbeqK69eiAizr7qmwu03JVw&amp;index=12&amp;fbclid=IwAR2-2MiZQMWfiJ27mWdvWMCY3UyIQGQq-1lEIDMIwjMw9PSbH3HhovVvW5c\">https:\/\/www.youtube.com\/watch?v=tajmAWnKYp4&amp;list=PLc7Bg7xoyBQbeqK69eiAizr7qmwu03JVw&amp;index=12&amp;fbclid=IwAR2-2MiZQMWfiJ27mWdvWMCY3UyIQGQq-1lEIDMIwjMw9PSbH3HhovVvW5c<\/a><\/p>\n","protected":false},"excerpt":{"rendered":"<p>USV1500 c\u00f3 kh\u1ea3 n\u0103ng ch\u1edf t\u1ea3i nhi\u1ec1u h\u01a1n, th\u1eddi gian v\u1eadn h\u00e0nh l\u00e2u h\u01a1n USV1000, b\u00ean c\u1ea1nh \u0111\u00f3 kh\u1ea3 n\u0103ng&#8230;<\/p>\n","protected":false},"author":1,"featured_media":0,"parent":0,"menu_order":0,"comment_status":"closed","ping_status":"closed","template":"","meta":{"footnotes":""},"class_list":["post-1821","page","type-page","status-publish","hentry"],"_links":{"self":[{"href":"http:\/\/viamlab.com\/vi\/wp-json\/wp\/v2\/pages\/1821","targetHints":{"allow":["GET"]}}],"collection":[{"href":"http:\/\/viamlab.com\/vi\/wp-json\/wp\/v2\/pages"}],"about":[{"href":"http:\/\/viamlab.com\/vi\/wp-json\/wp\/v2\/types\/page"}],"author":[{"embeddable":true,"href":"http:\/\/viamlab.com\/vi\/wp-json\/wp\/v2\/users\/1"}],"replies":[{"embeddable":true,"href":"http:\/\/viamlab.com\/vi\/wp-json\/wp\/v2\/comments?post=1821"}],"version-history":[{"count":16,"href":"http:\/\/viamlab.com\/vi\/wp-json\/wp\/v2\/pages\/1821\/revisions"}],"predecessor-version":[{"id":2344,"href":"http:\/\/viamlab.com\/vi\/wp-json\/wp\/v2\/pages\/1821\/revisions\/2344"}],"wp:attachment":[{"href":"http:\/\/viamlab.com\/vi\/wp-json\/wp\/v2\/media?parent=1821"}],"curies":[{"name":"wp","href":"https:\/\/api.w.org\/{rel}","templated":true}]}}