{"id":1911,"date":"2018-09-05T21:31:08","date_gmt":"2018-09-05T14:31:08","guid":{"rendered":"http:\/\/viamlab.com\/?page_id=1911"},"modified":"2018-09-17T22:41:22","modified_gmt":"2018-09-17T15:41:22","slug":"tieng-viet-usv-2000","status":"publish","type":"page","link":"http:\/\/viamlab.com\/vi\/tieng-viet-usv-2000\/","title":{"rendered":"USV 2000"},"content":{"rendered":"<p><a href=\"http:\/\/viamlab.com\/wp-content\/uploads\/2018\/09\/image007.png\"><img loading=\"lazy\" decoding=\"async\" class=\" wp-image-1891 aligncenter\" src=\"http:\/\/viamlab.com\/wp-content\/uploads\/2018\/09\/image007-300x173.png\" alt=\"\" width=\"355\" height=\"205\" srcset=\"http:\/\/viamlab.com\/wp-content\/uploads\/2018\/09\/image007-300x173.png 300w, http:\/\/viamlab.com\/wp-content\/uploads\/2018\/09\/image007.png 751w\" sizes=\"auto, (max-width: 355px) 100vw, 355px\" \/><\/a><\/p>\n<p style=\"text-align: center;\">H\u00ecnh 1: VIAM-USV2000<\/p>\n<p>Ph\u00e1t tri\u1ec3n tr\u00ean n\u1ec1n t\u1ea3ng c\u1ee7a USV1500, USV2000 l\u00e0 phi\u00ean b\u1ea3n \u0111ang \u0111\u01b0\u1ee3c ph\u00e1t tri\u1ec3n nh\u1eb1m m\u1ee5c \u0111\u00edch t\u1ea1o ra h\u1ec7 th\u1ed1ng t\u00edch h\u1ee3p t\u1ef1 \u0111\u1ed9ng v\u1edbi ROV, AUV v\u00e0 UAV cho c\u00e1c \u1ee9ng d\u1ee5ng n\u00e2ng cao kh\u00e1c nhau. Nh\u1eb1m ph\u00e1t tri\u1ec3n \u01b0u th\u1ebf t\u1ed1i \u0111a c\u1ee7a USV nh\u01b0 m\u1ed9t tr\u1ea1m trung t\u00e2m di \u0111\u1ed9ng c\u1ee7a c\u00e1c ph\u01b0\u01a1ng ti\u1ec7n t\u1ef1 h\u00e0nh tr\u00ean kh\u00f4ng v\u00e0 d\u01b0\u1edbi n\u01b0\u1edbc cho m\u1ed9t gi\u1ea3i ph\u00e1p ho\u00e0n thi\u1ec7n, gi\u1ea3i quy\u1ebft c\u00e1c v\u1ea5n \u0111\u1ec1 t\u00f9y ch\u1ec9nh do ng\u01b0\u1eddi v\u1eadn h\u00e0nh \u0111\u1ec1 ra.<\/p>\n<p>Th\u00f4ng s\u1ed1 k\u1ef9 thu\u1eadt (Specifications)<\/p>\n<p><a href=\"http:\/\/viamlab.com\/wp-content\/uploads\/2018\/09\/usv2000.jpg\"><img loading=\"lazy\" decoding=\"async\" class=\"wp-image-1912 aligncenter\" src=\"http:\/\/viamlab.com\/wp-content\/uploads\/2018\/09\/usv2000-300x243.jpg\" alt=\"\" width=\"571\" height=\"462\" srcset=\"http:\/\/viamlab.com\/wp-content\/uploads\/2018\/09\/usv2000-300x243.jpg 300w, http:\/\/viamlab.com\/wp-content\/uploads\/2018\/09\/usv2000.jpg 637w\" sizes=\"auto, (max-width: 571px) 100vw, 571px\" \/><\/a><\/p>\n<p>&nbsp;<\/p>","protected":false},"excerpt":{"rendered":"<p>H\u00ecnh 1: VIAM-USV2000 Ph\u00e1t tri\u1ec3n tr\u00ean n\u1ec1n t\u1ea3ng c\u1ee7a USV1500, USV2000 l\u00e0 phi\u00ean b\u1ea3n \u0111ang \u0111\u01b0\u1ee3c ph\u00e1t tri\u1ec3n nh\u1eb1m m\u1ee5c&#8230;<\/p>\n","protected":false},"author":1,"featured_media":0,"parent":0,"menu_order":0,"comment_status":"closed","ping_status":"closed","template":"","meta":{"footnotes":""},"class_list":["post-1911","page","type-page","status-publish","hentry"],"_links":{"self":[{"href":"http:\/\/viamlab.com\/vi\/wp-json\/wp\/v2\/pages\/1911","targetHints":{"allow":["GET"]}}],"collection":[{"href":"http:\/\/viamlab.com\/vi\/wp-json\/wp\/v2\/pages"}],"about":[{"href":"http:\/\/viamlab.com\/vi\/wp-json\/wp\/v2\/types\/page"}],"author":[{"embeddable":true,"href":"http:\/\/viamlab.com\/vi\/wp-json\/wp\/v2\/users\/1"}],"replies":[{"embeddable":true,"href":"http:\/\/viamlab.com\/vi\/wp-json\/wp\/v2\/comments?post=1911"}],"version-history":[{"count":3,"href":"http:\/\/viamlab.com\/vi\/wp-json\/wp\/v2\/pages\/1911\/revisions"}],"predecessor-version":[{"id":2073,"href":"http:\/\/viamlab.com\/vi\/wp-json\/wp\/v2\/pages\/1911\/revisions\/2073"}],"wp:attachment":[{"href":"http:\/\/viamlab.com\/vi\/wp-json\/wp\/v2\/media?parent=1911"}],"curies":[{"name":"wp","href":"https:\/\/api.w.org\/{rel}","templated":true}]}}