{"id":1919,"date":"2018-09-05T21:40:54","date_gmt":"2018-09-05T14:40:54","guid":{"rendered":"http:\/\/viamlab.com\/?page_id=1919"},"modified":"2018-09-17T22:50:13","modified_gmt":"2018-09-17T15:50:13","slug":"tieng-viet-kial-udb","status":"publish","type":"page","link":"http:\/\/viamlab.com\/vi\/tieng-viet-kial-udb\/","title":{"rendered":"KIAL-UDB"},"content":{"rendered":"<p><a href=\"http:\/\/viamlab.com\/wp-content\/uploads\/2018\/09\/image009.png\"><img loading=\"lazy\" decoding=\"async\" class=\"aligncenter\" src=\"http:\/\/viamlab.com\/wp-content\/uploads\/2018\/09\/image009-300x160.png\" alt=\"\" width=\"419\" height=\"223\" \/><\/a><\/p>\n<p>Th\u00f4ng s\u1ed1 k\u1ef9 thu\u1eadt (Specifications):<\/p>\n<ul>\n<li>Truy\u1ec1n th\u00f4ng: RF<\/li>\n<li>Th\u1eddi gian ho\u1ea1t \u0111\u1ed9ng: 24h<\/li>\n<li>Ch\u1ebf \u0111\u1ed9 ho\u1ea1t \u0111\u1ed9ng: B\u1eb1ng tay v\u00e0 t\u1ef1 h\u00e0nh<\/li>\n<li>M\u00f4i tr\u01b0\u1eddng ho\u1ea1t \u0111\u1ed9ng: H\u1ed3, s\u00f4ng, bi\u1ec3n<\/li>\n<\/ul>\n<p>Nhi\u1ec7m v\u1ee5:<\/p>\n<ul>\n<li>Th\u1ef1c hi\u1ec7n h\u00e0nh tr\u00ecnh d\u00e0i \u0111\u00e3 \u0111\u1ecbnh s\u1eb5n<\/li>\n<li>Gi\u1eef v\u1ecb tr\u00ed trong b\u00e1n k\u00ednh cho ph\u00e9p v\u1edbi \u0111i\u1ec1u ki\u1ec7n th\u1eddi ti\u1ebft kh\u1eafc nghi\u1ec7t c\u1ee7a th\u1eddi ti\u1ebft<\/li>\n<li>\u0110\u00f3ng vai tr\u00f2 tr\u1ea1m trung t\u00e2m l\u01b0u \u0111\u1ed9ng, mang v\u00e1c c\u00e1c thi\u1ebft b\u1ecb ph\u1ee5c v\u1ee5 quan s\u00e1t, quan tr\u1eafc, l\u1ea5y m\u1eabu\u2026 k\u1ebft n\u1ed1i v\u1edbi c\u00e1c thi\u1ebft b\u1ecb tr\u00ean kh\u00f4ng (UAV) v\u00e0 d\u01b0\u1edbi n\u01b0\u1edbc (ROV, AUV, Glider)<\/li>\n<\/ul>\n<p>Xem video t\u1ea1i:<\/p>\n<p style=\"color: blue;\"><iframe loading=\"lazy\" src=\"https:\/\/www.youtube.com\/embed\/J7D-GmNX5Js?feature=oembed\" width=\"1300\" height=\"975\" frameborder=\"0\" allowfullscreen=\"allowfullscreen\"><\/iframe><\/p>\n<p style=\"text-align: center;\"><a href=\"http:\/\/viamlab.com\/wp-content\/uploads\/2018\/09\/image011.jpg\"><img loading=\"lazy\" decoding=\"async\" class=\"size-medium wp-image-1892 aligncenter\" src=\"http:\/\/viamlab.com\/wp-content\/uploads\/2018\/09\/image011-300x172.jpg\" alt=\"\" width=\"300\" height=\"172\" srcset=\"http:\/\/viamlab.com\/wp-content\/uploads\/2018\/09\/image011-300x172.jpg 300w, http:\/\/viamlab.com\/wp-content\/uploads\/2018\/09\/image011.jpg 735w\" sizes=\"auto, (max-width: 300px) 100vw, 300px\" \/><\/a>Figure2: KIAL-UDB, finished products<\/p>\n<p><\/p>","protected":false},"excerpt":{"rendered":"<p>Th\u00f4ng s\u1ed1 k\u1ef9 thu\u1eadt (Specifications): Truy\u1ec1n th\u00f4ng: RF Th\u1eddi gian ho\u1ea1t \u0111\u1ed9ng: 24h Ch\u1ebf \u0111\u1ed9 ho\u1ea1t \u0111\u1ed9ng: B\u1eb1ng tay v\u00e0&#8230;<\/p>\n","protected":false},"author":1,"featured_media":0,"parent":0,"menu_order":0,"comment_status":"closed","ping_status":"closed","template":"","meta":{"footnotes":""},"class_list":["post-1919","page","type-page","status-publish","hentry"],"_links":{"self":[{"href":"http:\/\/viamlab.com\/vi\/wp-json\/wp\/v2\/pages\/1919","targetHints":{"allow":["GET"]}}],"collection":[{"href":"http:\/\/viamlab.com\/vi\/wp-json\/wp\/v2\/pages"}],"about":[{"href":"http:\/\/viamlab.com\/vi\/wp-json\/wp\/v2\/types\/page"}],"author":[{"embeddable":true,"href":"http:\/\/viamlab.com\/vi\/wp-json\/wp\/v2\/users\/1"}],"replies":[{"embeddable":true,"href":"http:\/\/viamlab.com\/vi\/wp-json\/wp\/v2\/comments?post=1919"}],"version-history":[{"count":5,"href":"http:\/\/viamlab.com\/vi\/wp-json\/wp\/v2\/pages\/1919\/revisions"}],"predecessor-version":[{"id":2077,"href":"http:\/\/viamlab.com\/vi\/wp-json\/wp\/v2\/pages\/1919\/revisions\/2077"}],"wp:attachment":[{"href":"http:\/\/viamlab.com\/vi\/wp-json\/wp\/v2\/media?parent=1919"}],"curies":[{"name":"wp","href":"https:\/\/api.w.org\/{rel}","templated":true}]}}