{"id":2260,"date":"2019-09-30T09:07:06","date_gmt":"2019-09-30T02:07:06","guid":{"rendered":"http:\/\/viamlab.com\/?page_id=2260"},"modified":"2019-10-05T22:47:26","modified_gmt":"2019-10-05T15:47:26","slug":"arm-training","status":"publish","type":"page","link":"http:\/\/viamlab.com\/vi\/arm-training\/","title":{"rendered":"ARM Training"},"content":{"rendered":"<p style=\"text-align: center;\"><strong>KH\u00d3A H\u1eccC ARM STM32 V\u00c0 THI\u1ebeT K\u1ebe M\u1ea0CH ALTIUM C\u01a0 B\u1ea2N V\u00c0 N\u00c2NG CAO<\/strong><\/p>\n<p>\t\t\t<img decoding=\"async\" src=\"http:\/\/viamlab.com\/wp-content\/uploads\/2019\/09\/70197549_154794335582422_4588216109508853760_n-e1569429419808.jpg\" alt=\"\" \/><br \/>\n\t\t\t\t<a href=\"#\" aria-label=\"previous\" aria-role=\"button\"><svg version=\"1.1\" xmlns=\"http:\/\/www.w3.org\/2000\/svg\" xmlns:xlink=\"http:\/\/www.w3.org\/1999\/xlink\" viewBox=\"0 0 512 512\">\n<path d=\"M398.572,104.287L246.857,256.001l151.715,151.714c3.617,3.618,5.428,7.904,5.428,12.856c0,4.953-1.811,9.238-5.428,12.857 l-47.428,47.428c-3.619,3.619-7.904,5.428-12.857,5.428s-9.238-1.809-12.857-5.428l-212-212c-3.619-3.618-5.428-7.904-5.428-12.856 c0-4.953,1.81-9.238,5.428-12.857l212-212c3.619-3.618,7.904-5.428,12.857-5.428s9.238,1.81,12.857,5.428l47.428,47.429 C402.189,82.19,404,86.476,404,91.428c0,4.953-1.811,9.238-5.428,12.857V104.287z\"\/>\n<\/svg><br \/>\n<\/a><br \/>\n\t\t\t\t<a href=\"#\" aria-label=\"next\" aria-role=\"button\"><svg version=\"1.1\" xmlns=\"http:\/\/www.w3.org\/2000\/svg\" xmlns:xlink=\"http:\/\/www.w3.org\/1999\/xlink\" viewBox=\"0 0 512 512\">\n<path d=\"M113.428,407.713l151.715-151.714L113.428,104.285c-3.617-3.618-5.428-7.904-5.428-12.856c0-4.953,1.811-9.238,5.428-12.857 l47.428-47.428c3.619-3.619,7.904-5.428,12.857-5.428s9.238,1.809,12.857,5.428l212,212c3.619,3.618,5.429,7.904,5.429,12.856 c0,4.953-1.81,9.238-5.429,12.857l-212,212c-3.619,3.618-7.904,5.428-12.857,5.428s-9.238-1.81-12.857-5.428l-47.428-47.429 c-3.617-3.618-5.428-7.904-5.428-12.856c0-4.953,1.811-9.238,5.428-12.857V407.713z\"\/>\n<\/svg><br \/>\n<\/a><\/p>\n<h2><strong>L\u1edbp l\u1eadp tr\u00ecnh ARM v\u00e0 Thi\u1ebft K\u1ebf M\u1ea1ch c\u01a1 b\u1ea3n<\/strong><\/h2>\n<p>\u2714\ufe0f C\u1ea5u tr\u00fac STM32F407.<br \/>\n\u2714\ufe0f H\u1ecdc v\u1ec1 Timer.<br \/>\n\u2714\ufe0f H\u1ecdc v\u1ec1 ng\u1eaft ngo\u00e0i.<br \/>\n\u2714\ufe0f H\u1ecdc v\u1ec1 ADC v\u00e0 DAC.<br \/>\n\u2714\ufe0f H\u1ecdc v\u1ec1 PWM<br \/>\n\u2714\ufe0f H\u1ecdc v\u1ec1 UART<br \/>\n\u2714\ufe0f Thi\u1ebft k\u1ebf m\u1ea1ch v\u1edbi Altium Designer<br \/>\n\u2714\ufe0f Thi\u1ebft k\u1ebf schematic<br \/>\n\u2714\ufe0f Thi\u1ebft k\u1ebf PCB<\/p>\n<p>Chi ti\u1ebft : <a href=\"https:\/\/tinyurl.com\/y69gh2kv?fbclid=IwAR3hPMuED4qbsVp95-iCFyUwDykvcv2EorH5n4-tQ1yQG32O8N0si7VFVEs\" target=\"_blank\" rel=\"noopener nofollow\" data-ft=\"{&quot;tn&quot;:&quot;-U&quot;}\" data-lynx-mode=\"asynclazy\" data-lynx-uri=\"https:\/\/l.facebook.com\/l.php?u=https%3A%2F%2Ftinyurl.com%2Fy69gh2kv%3Ffbclid%3DIwAR3hPMuED4qbsVp95-iCFyUwDykvcv2EorH5n4-tQ1yQG32O8N0si7VFVEs&amp;h=AT3oyvAJpyMcKSfrKzM6AtGxA2YB-KRiLGUdnl67s62Qjg3s2fnlXyht3wqZQy96ksbqbGR-hvEc9Ws_Ob52RFse0sCG29u6Sxf646HnOABopUNFY2omUz7z874Pfi5Lrp898dl9NdqlicGIat6ujb6VtAonav75\">https:\/\/tinyurl.com\/y69gh2kv<\/a><\/p>\n<p>Link \u0111\u0103ng k\u00ed kh\u00f3a h\u1ecdc :<strong>\u00a0<a style=\"color: #0000ff;\" href=\"https:\/\/forms.gle\/d6ZBjE6CnBVsigyt7?fbclid=IwAR1L__mp9wHQ9H7FP2drseK_dMzR1qIKrZbSmR1lFXXr2Te-xMHpyFOCdhk\" target=\"_blank\" rel=\"noopener nofollow\" data-ft=\"{&quot;tn&quot;:&quot;-U&quot;}\" data-lynx-mode=\"async\" data-lynx-uri=\"https:\/\/l.facebook.com\/l.php?u=https%3A%2F%2Fforms.gle%2Fd6ZBjE6CnBVsigyt7%3Ffbclid%3DIwAR1L__mp9wHQ9H7FP2drseK_dMzR1qIKrZbSmR1lFXXr2Te-xMHpyFOCdhk&amp;h=AT0K-BKHTeOID3XpbdPwnZ2SfhjC-TTGuzaf5DQdxksUtT9Yyb6dRFn-aqawxr4lP-cfM1SKRZwSIv5cdhCX1b1l5c6pa-lTb1bZ5cdKEhtrkqFenyYGXMz-vP0h5ly1YYCb8V8vB-1SLw767KvIyh01ylHGvBd-NC_u7ez8wgK9UXOlaxVmR2L50C70CpCJWxvgGMbY8VhXRyn8_J_lDcwAm1bkMrrdZ5GyracBln_uCwT6jMcwmERxJ6UFsAm4YtK3RSbcEJ0Mxgotb2Q596xPqZjZ5zXJYToB20UzDm8MFgpfqKw4IrkhSKJcvDwYAi1ZwBfOWp7cW4_pHXrc8PyLP_Uuq_BX0OBpcmvgy8w62QdU2gbL9GWFMUjA6bP3Gck-H-jLHR5om6ZHN09AD1NHeLtT_ZunyMocKGi0qp6J-Fo3QolxtLV_g1dHzFmWEPm78a3qwB4rc5n0NZs32AIgqwXulCaj92hvzXf7J4dLFHCz_DhtsCyGT_dtjwMhMQDg58B-MZMmQyolRgK2TnRJiXkGBSuCOFaeInrdat83EvLX_jKmJw0s9XVcRVWjHXniWkvN08J1Sy0qPjX_ufw2IhFZLDgnMd0KDoYofthsJE0ENscwVfZHNg\">https:\/\/forms.gle\/d6ZBjE6CnBVsigyt7<\/a><\/strong><\/p>\n<p>&nbsp;<\/p>\n<p>&nbsp;<\/p>\n<p>\t\t\t<img decoding=\"async\" src=\"http:\/\/viamlab.com\/wp-content\/uploads\/2019\/09\/70135174_155109698884219_1445804782039072768_n.jpg\" alt=\"\" \/><br \/>\n\t\t\t\t<a href=\"#\" aria-label=\"previous\" aria-role=\"button\"><svg version=\"1.1\" xmlns=\"http:\/\/www.w3.org\/2000\/svg\" xmlns:xlink=\"http:\/\/www.w3.org\/1999\/xlink\" viewBox=\"0 0 512 512\">\n<path d=\"M398.572,104.287L246.857,256.001l151.715,151.714c3.617,3.618,5.428,7.904,5.428,12.856c0,4.953-1.811,9.238-5.428,12.857 l-47.428,47.428c-3.619,3.619-7.904,5.428-12.857,5.428s-9.238-1.809-12.857-5.428l-212-212c-3.619-3.618-5.428-7.904-5.428-12.856 c0-4.953,1.81-9.238,5.428-12.857l212-212c3.619-3.618,7.904-5.428,12.857-5.428s9.238,1.81,12.857,5.428l47.428,47.429 C402.189,82.19,404,86.476,404,91.428c0,4.953-1.811,9.238-5.428,12.857V104.287z\"\/>\n<\/svg><br \/>\n<\/a><br \/>\n\t\t\t\t<a href=\"#\" aria-label=\"next\" aria-role=\"button\"><svg version=\"1.1\" xmlns=\"http:\/\/www.w3.org\/2000\/svg\" xmlns:xlink=\"http:\/\/www.w3.org\/1999\/xlink\" viewBox=\"0 0 512 512\">\n<path d=\"M113.428,407.713l151.715-151.714L113.428,104.285c-3.617-3.618-5.428-7.904-5.428-12.856c0-4.953,1.811-9.238,5.428-12.857 l47.428-47.428c3.619-3.619,7.904-5.428,12.857-5.428s9.238,1.809,12.857,5.428l212,212c3.619,3.618,5.429,7.904,5.429,12.856 c0,4.953-1.81,9.238-5.429,12.857l-212,212c-3.619,3.618-7.904,5.428-12.857,5.428s-9.238-1.81-12.857-5.428l-47.428-47.429 c-3.617-3.618-5.428-7.904-5.428-12.856c0-4.953,1.811-9.238,5.428-12.857V407.713z\"\/>\n<\/svg><br \/>\n<\/a><\/p>\n<h2><strong>L\u1edbp l\u1eadp tr\u00ecnh n\u00e2ng cao <\/strong><\/h2>\n<p>\u2714\ufe0f C\u00e1c chu\u1ea9n giao ti\u1ebfp n\u00e2ng c\u00e1o: SPI, I2C, CAN, USB<br \/>\n\u2714\ufe0fGi\u1edbi thi\u1ec7u Gi\u1ea3i thu\u1eadt PID<br \/>\n\u2714\ufe0f\u0110o \u0111\u1ed9 r\u1ed9ng xung v\u00e0 \u0111\u1ecdc Encoder<br \/>\n\u2714\ufe0f\u0110i\u1ec1u khi\u1ec3n t\u1ed1c \u0111\u1ed9 \u0111\u1ed9ng c\u01a1 b\u1eb1ng PID<br \/>\n\u2714\ufe0f\u0110i\u1ec1u khi\u1ec3n v\u1ecb tr\u00ed \u0111\u1ed9ng c\u01a1 b\u1eb1ng PID<br \/>\n\u2714\ufe0fGi\u1edbi thi\u1ec7u c\u1ea3m bi\u1ebfn th\u00f4ng d\u1ee5ng: IMU, GPS, Si\u00eau \u00e2m&#8230;<\/p>\n<p>Chi ti\u1ebft: <a href=\"https:\/\/tinyurl.com\/y2ukoqdz?fbclid=IwAR3hvwP7movw3WoUVC61MCRFy8l8F7wvLOlrnZBLIaa73GiBAcQUYmJ48TU\" target=\"_blank\" rel=\"noopener nofollow\" data-ft=\"{&quot;tn&quot;:&quot;-U&quot;}\" data-lynx-mode=\"asynclazy\" data-lynx-uri=\"https:\/\/l.facebook.com\/l.php?u=https%3A%2F%2Ftinyurl.com%2Fy2ukoqdz%3Ffbclid%3DIwAR3hvwP7movw3WoUVC61MCRFy8l8F7wvLOlrnZBLIaa73GiBAcQUYmJ48TU&amp;h=AT0LDrvRmcegj6C-pA21i2trfS36WOXIqdon6MGdYSR6Dviqj4G-oa9DwXzm7COFknORldQfcZcMCchRWObsslydX76HZ2LsXVXkbskkzwyguYxP14Vvrgu9hb_JnTc_k4v5E3zgzkO65PMQiyZ6JBSPgWzrA2Fd\">https:\/\/tinyurl.com\/y2ukoqdz<\/a><\/p>\n<p>\t\t\t<img decoding=\"async\" src=\"http:\/\/viamlab.com\/wp-content\/uploads\/2019\/09\/70296729_155109678884221_7008096706659090432_n-e1569809992928.jpg\" alt=\"\" \/><br \/>\n\t\t\t\t<a href=\"#\" aria-label=\"previous\" aria-role=\"button\"><svg version=\"1.1\" xmlns=\"http:\/\/www.w3.org\/2000\/svg\" xmlns:xlink=\"http:\/\/www.w3.org\/1999\/xlink\" viewBox=\"0 0 512 512\">\n<path d=\"M398.572,104.287L246.857,256.001l151.715,151.714c3.617,3.618,5.428,7.904,5.428,12.856c0,4.953-1.811,9.238-5.428,12.857 l-47.428,47.428c-3.619,3.619-7.904,5.428-12.857,5.428s-9.238-1.809-12.857-5.428l-212-212c-3.619-3.618-5.428-7.904-5.428-12.856 c0-4.953,1.81-9.238,5.428-12.857l212-212c3.619-3.618,7.904-5.428,12.857-5.428s9.238,1.81,12.857,5.428l47.428,47.429 C402.189,82.19,404,86.476,404,91.428c0,4.953-1.811,9.238-5.428,12.857V104.287z\"\/>\n<\/svg><br \/>\n<\/a><br \/>\n\t\t\t\t<a href=\"#\" aria-label=\"next\" aria-role=\"button\"><svg version=\"1.1\" xmlns=\"http:\/\/www.w3.org\/2000\/svg\" xmlns:xlink=\"http:\/\/www.w3.org\/1999\/xlink\" viewBox=\"0 0 512 512\">\n<path d=\"M113.428,407.713l151.715-151.714L113.428,104.285c-3.617-3.618-5.428-7.904-5.428-12.856c0-4.953,1.811-9.238,5.428-12.857 l47.428-47.428c3.619-3.619,7.904-5.428,12.857-5.428s9.238,1.809,12.857,5.428l212,212c3.619,3.618,5.429,7.904,5.429,12.856 c0,4.953-1.81,9.238-5.429,12.857l-212,212c-3.619,3.618-7.904,5.428-12.857,5.428s-9.238-1.81-12.857-5.428l-47.428-47.429 c-3.617-3.618-5.428-7.904-5.428-12.856c0-4.953,1.811-9.238,5.428-12.857V407.713z\"\/>\n<\/svg><br \/>\n<\/a><\/p>\n<h2><strong>L\u1edbp thi\u1ebft K\u1ebf M\u1ea1ch<\/strong><\/h2>\n<p>\u2714\ufe0f Thi\u1ebft k\u1ebf m\u1ea1ch v\u1edbi Altium Designer<br \/>\n\u2714\ufe0f Thi\u1ebft k\u1ebf schematic<br \/>\n\u2714\ufe0f Thi\u1ebft k\u1ebf PCB<br \/>\n\u2714\ufe0f Gi\u1edbi thi\u1ec7u v\u00e0 Thi\u1ebft k\u1ebf Driver \u0111i\u1ec1u khi\u1ec3n \u0111\u1ed9ng c\u01a1<br \/>\n\u2714\ufe0fGi\u1edbi thi\u1ec7u c\u1ea3m bi\u1ebfn th\u00f4ng d\u1ee5ng: IMU, GPS, Si\u00eau \u00e2m&#8230;<\/p>\n<p>Chi ti\u1ebft: <a href=\"https:\/\/tinyurl.com\/y44tmjk3?fbclid=IwAR1rBdpXlNLHq7-ZxfW_XOTdkKeMdhdyOhSVvWZHamMg2BiNDXkYSgUizc0\" target=\"_blank\" rel=\"noopener nofollow\" data-ft=\"{&quot;tn&quot;:&quot;-U&quot;}\" data-lynx-mode=\"asynclazy\" data-lynx-uri=\"https:\/\/l.facebook.com\/l.php?u=https%3A%2F%2Ftinyurl.com%2Fy44tmjk3%3Ffbclid%3DIwAR1rBdpXlNLHq7-ZxfW_XOTdkKeMdhdyOhSVvWZHamMg2BiNDXkYSgUizc0&amp;h=AT33U3lW-uVMdmPSZ8yFugP1sgCgwLnkr081SnkuFx5hQuOe4Ai8A2AN1l986dE_nf0IcyMnuN-RkOXz1rpE9-3EDP2f6CCwID6xQqIj0GkBRGMhrBP5CiXZCmodzz7wzw178qZUgKk9wOiL9RZIYikoRT336z8n\">https:\/\/tinyurl.com\/y44tmjk3<\/a><\/p>\n<p>\t\t\t<img decoding=\"async\" src=\"http:\/\/viamlab.com\/wp-content\/uploads\/2019\/09\/70296729_155109678884221_7008096706659090432_n-e1569809992928.jpg\" alt=\"\" \/><br \/>\n\t\t\t\t<a href=\"#\" aria-label=\"previous\" aria-role=\"button\"><svg version=\"1.1\" xmlns=\"http:\/\/www.w3.org\/2000\/svg\" xmlns:xlink=\"http:\/\/www.w3.org\/1999\/xlink\" viewBox=\"0 0 512 512\">\n<path d=\"M398.572,104.287L246.857,256.001l151.715,151.714c3.617,3.618,5.428,7.904,5.428,12.856c0,4.953-1.811,9.238-5.428,12.857 l-47.428,47.428c-3.619,3.619-7.904,5.428-12.857,5.428s-9.238-1.809-12.857-5.428l-212-212c-3.619-3.618-5.428-7.904-5.428-12.856 c0-4.953,1.81-9.238,5.428-12.857l212-212c3.619-3.618,7.904-5.428,12.857-5.428s9.238,1.81,12.857,5.428l47.428,47.429 C402.189,82.19,404,86.476,404,91.428c0,4.953-1.811,9.238-5.428,12.857V104.287z\"\/>\n<\/svg><br \/>\n<\/a><br \/>\n\t\t\t\t<a href=\"#\" aria-label=\"next\" aria-role=\"button\"><svg version=\"1.1\" xmlns=\"http:\/\/www.w3.org\/2000\/svg\" xmlns:xlink=\"http:\/\/www.w3.org\/1999\/xlink\" viewBox=\"0 0 512 512\">\n<path d=\"M113.428,407.713l151.715-151.714L113.428,104.285c-3.617-3.618-5.428-7.904-5.428-12.856c0-4.953,1.811-9.238,5.428-12.857 l47.428-47.428c3.619-3.619,7.904-5.428,12.857-5.428s9.238,1.809,12.857,5.428l212,212c3.619,3.618,5.429,7.904,5.429,12.856 c0,4.953-1.81,9.238-5.429,12.857l-212,212c-3.619,3.618-7.904,5.428-12.857,5.428s-9.238-1.81-12.857-5.428l-47.428-47.429 c-3.617-3.618-5.428-7.904-5.428-12.856c0-4.953,1.811-9.238,5.428-12.857V407.713z\"\/>\n<\/svg><br \/>\n<\/a><\/p>\n<h2><strong>Kh\u00f3a l\u1eadp tr\u00ecnh ARM v\u00e0 thi\u1ebft k\u1ebf m\u1ea1ch n\u00e2ng cao: Board Smart PID Drive<\/strong><\/h2>\n<p>\u2714\ufe0f N\u00e2ng cao tr\u00ecnh \u0111\u1ed9, kinh nghi\u1ec7m th\u1ef1c t\u1ebf l\u00e0m vi\u1ec7c v\u1edbi vi \u0111i\u1ec1u khi\u1ec3n ARM.<br \/>\n\u2714\ufe0f N\u1eafm v\u1eefng c\u1ea5u tr\u00fac, nguy\u00ean l\u00fd ho\u1ea1t \u0111\u1ed9ng v\u00e0 t\u1eadp l\u1ec7nh \u0111i\u1ec1u khi\u1ec3n c\u1ee7a vi \u0111i\u1ec1u khi\u1ec3n ARM.<br \/>\n\u2714\ufe0f N\u1eafm v\u00e0 hi\u1ec3u b\u1ed9 \u0111i\u1ec1u khi\u1ec3n PID<br \/>\n\u2714\ufe0f Thi\u1ebft k\u1ebf v\u00e0 hi\u1ec3u nguy\u00ean l\u00fd Board Smart PID Driver<br \/>\n\u2714\ufe0f Hi\u1ec3u v\u00e0 l\u1eadp tr\u00ecnh m\u1ed9t s\u1ed1 c\u1ea3m bi\u1ebfn th\u00f4ng d\u1ee5ng<\/p>\n<p>Chi ti\u1ebft: \u00a0<a href=\"https:\/\/tinyurl.com\/y2cx7wxg?fbclid=IwAR0uV4G1rrLhzDTe50_pjWj31f28Sn9dyLCdJDNieBHjnwSOjE4dtdwRXcQ\" target=\"_blank\" rel=\"noopener nofollow\" data-ft=\"{&quot;tn&quot;:&quot;-U&quot;}\" data-lynx-mode=\"asynclazy\" data-lynx-uri=\"https:\/\/l.facebook.com\/l.php?u=https%3A%2F%2Ftinyurl.com%2Fy2cx7wxg%3Ffbclid%3DIwAR0uV4G1rrLhzDTe50_pjWj31f28Sn9dyLCdJDNieBHjnwSOjE4dtdwRXcQ&amp;h=AT07BLwB43dYggg9Em8GaeuSz4ZvOYRy10xN2s0_vbfpq1xAwskE6t7rowenbx99VBSUijSX2b8nxdcfAmJ8bwKmNxCPlDspRUcWVbYgikDfh-67QYM03VGYtoVeB70a4s1VCZcBODfoY5ltDCkYvzW7QKIv-gi4\">https:\/\/tinyurl.com\/y2cx7wxg<\/a><\/p>\n<h3><strong>Th\u00f4ng tin li\u00ean h\u1ec7<\/strong><\/h3>\n<p>\ud83d\udce7 Mail: viamlab@gmail.com<br \/>\n\ud83d\udcde \u0110i\u1ec7n tho\u1ea1i: 0987814161<br \/>\n\ud83c\udfe0 \u0110\u1ecba ch\u1ec9 h\u1ecdc: 111\/31H2 L\u1ea1c Long Qu\u00e2n, Qu\u1eadn 11, HCM<\/p>\n<p>&nbsp;<\/p>\n<p>&nbsp;<\/p>\n<p>&nbsp;<\/p>\n","protected":false},"excerpt":{"rendered":"<p>KH\u00d3A H\u1eccC ARM STM32 V\u00c0 THI\u1ebeT K\u1ebe M\u1ea0CH ALTIUM C\u01a0 B\u1ea2N V\u00c0 N\u00c2NG CAO L\u1edbp l\u1eadp tr\u00ecnh ARM v\u00e0 Thi\u1ebft&#8230;<\/p>\n","protected":false},"author":1,"featured_media":0,"parent":0,"menu_order":0,"comment_status":"closed","ping_status":"closed","template":"","meta":{"footnotes":""},"class_list":["post-2260","page","type-page","status-publish","hentry"],"_links":{"self":[{"href":"http:\/\/viamlab.com\/vi\/wp-json\/wp\/v2\/pages\/2260","targetHints":{"allow":["GET"]}}],"collection":[{"href":"http:\/\/viamlab.com\/vi\/wp-json\/wp\/v2\/pages"}],"about":[{"href":"http:\/\/viamlab.com\/vi\/wp-json\/wp\/v2\/types\/page"}],"author":[{"embeddable":true,"href":"http:\/\/viamlab.com\/vi\/wp-json\/wp\/v2\/users\/1"}],"replies":[{"embeddable":true,"href":"http:\/\/viamlab.com\/vi\/wp-json\/wp\/v2\/comments?post=2260"}],"version-history":[{"count":8,"href":"http:\/\/viamlab.com\/vi\/wp-json\/wp\/v2\/pages\/2260\/revisions"}],"predecessor-version":[{"id":2275,"href":"http:\/\/viamlab.com\/vi\/wp-json\/wp\/v2\/pages\/2260\/revisions\/2275"}],"wp:attachment":[{"href":"http:\/\/viamlab.com\/vi\/wp-json\/wp\/v2\/media?parent=2260"}],"curies":[{"name":"wp","href":"https:\/\/api.w.org\/{rel}","templated":true}]}}